{"id":6301,"date":"2023-12-08T23:49:37","date_gmt":"2023-12-09T05:49:37","guid":{"rendered":"http:\/\/qfn.ahr.mybluehost.me\/nom-24-compliance\/"},"modified":"2025-12-10T22:38:47","modified_gmt":"2025-12-11T04:38:47","slug":"nom-24-compliance","status":"publish","type":"page","link":"https:\/\/harmonimd.com\/en\/nom-24-compliance\/","title":{"rendered":"NOM-24 Compliance"},"content":{"rendered":"<p>[vc_row bg_position=&#8221;center center&#8221; enable_row_dividers=&#8221;yes&#8221; css=&#8221;.vc_custom_1705620989123{padding-top: 60px !important;padding-bottom: 50px !important;background-color: rgba(230,233,236,0.2) !important;background-position: center !important;background-repeat: no-repeat !important;background-size: contain !important;*background-color: rgb(230,233,236) !important;}&#8221; el_id=&#8221;lqd-integration&#8221; responsive_css=&#8221;padding_top_medium:150px&#8221; row_svg_divider=&#8221;bottom_shape_type:8|bottom_shape_color:%23ffffff|bottom_shape_height:24&#8243;][vc_column enable_content_animation=&#8221;yes&#8221; ca_init_scale_x=&#8221;1&#8243; ca_init_scale_y=&#8221;1&#8243; ca_init_opacity=&#8221;0&#8243; ca_an_scale_x=&#8221;1&#8243; ca_an_scale_y=&#8221;1&#8243; ca_an_opacity=&#8221;1&#8243; align=&#8221;text-center&#8221; offset=&#8221;vc_col-md-offset-2 vc_col-md-8&#8243; css=&#8221;.vc_custom_1702504915389{margin-bottom: 5vh !important;}&#8221; ca_duration=&#8221;1800&#8243; ca_delay=&#8221;180&#8243; ca_init_translate_y=&#8221;35&#8243; responsive_align=&#8221;text-center text-sm-center text-md-center text-lg-center&#8221;]<style>.ld_fancy_heading_69d0f4151462a h1{color:rgb(17, 100, 194);}.ld_fancy_heading_69d0f4151462a h1 {margin-bottom:0px !important;  } .ld_fancy_heading_69d0f4151462a .lqd-highlight-inner{height:0.275em!important;bottom:0px!important;}.ld_fancy_heading_69d0f4151462a h1 {margin-bottom:0px !important;  } <\/style><div class=\"ld-fancy-heading text-center ld_fancy_heading_69d0f4151462a\">\n\t<h1 class=\"ld-fh-element lqd-highlight-underline lqd-highlight-grow-left text-decoration-default\"   >  Cumplimiento <span class=\"TextRun MacChromeBold SCXW158964566 BCX0\" lang=\"ES-MX\" data-contrast=\"none\"><span class=\"NormalTextRun SCXW158964566 BCX0\">Normativo<\/span><\/span> NOM-24<\/h1><\/div><style>.ld_fancy_heading_69d0f41514876 p{color:rgb(0, 0, 0);}.ld_fancy_heading_69d0f41514876 p {font-size:21px; } .ld_fancy_heading_69d0f41514876 p {line-height:33px; } .ld_fancy_heading_69d0f41514876 p {--element-line-height:33px; } .ld_fancy_heading_69d0f41514876 p {margin-bottom:1.67em !important;  } .ld_fancy_heading_69d0f41514876 .lqd-highlight-inner{height:0.275em!important;bottom:0px!important;}.ld_fancy_heading_69d0f41514876 p {font-size:21px; } .ld_fancy_heading_69d0f41514876 p {line-height:33px; } .ld_fancy_heading_69d0f41514876 p {--element-line-height:33px; } .ld_fancy_heading_69d0f41514876 p {margin-bottom:1.67em !important;  } <\/style><div class=\"ld-fancy-heading mask-text text-center ld_fancy_heading_69d0f41514876\">\n\t<p class=\"ld-fh-element lqd-highlight-underline lqd-highlight-grow-left text-decoration-default lqd-split-lines\"   data-split-text=\"true\" data-split-options='{\"type\":\"lines\"}'>  Para cumplir con la certificaci\u00f3n NOM-024, utilizamos los siguientes OIDs para el intercambio de informaci\u00f3n:<\/p><\/div>[\/vc_column][\/vc_row][vc_row bg_position=&#8221;center center&#8221; enable_row_dividers=&#8221;yes&#8221; css=&#8221;.vc_custom_1765427874990{padding-top: 60px !important;padding-right: 60px !important;padding-bottom: 60px !important;padding-left: 60px !important;background-position: center !important;background-repeat: no-repeat !important;background-size: contain !important;}&#8221; el_id=&#8221;lqd-integration&#8221; responsive_css=&#8221;padding_top_medium:150px&#8221; row_svg_divider=&#8221;bottom_shape_type:8|bottom_shape_color:%23ffffff|bottom_shape_height:24&#8243;][vc_column][vc_column_text]<\/p>\n<table class=\"has-fixed-layout\">\n<thead>\n<tr>\n<th>OID<\/th>\n<th>Nombre del objeto<\/th>\n<th>Descripci\u00f3n<\/th>\n<th>Fecha de publicaci\u00f3n<\/th>\n<\/tr>\n<\/thead>\n<tbody>\n<tr>\n<td>2.16.840.1.113883.3.215.5.88<\/td>\n<td>HarmoniMD soluciones para cl\u00ednicas y hospitales S de RL de CV<\/td>\n<td>OID ra\u00edz para la identificaci\u00f3n del sistema HarmoniMD\u00ae Health Informatics System,<br \/>\ndesarrollado por MedWave Software Solutions, Inc., empresa matriz de HarmoniMD soluciones para<br \/>\ncl\u00ednicas y hospitales S de RL de CV, una organizaci\u00f3n enfocada en el desarrollo de Soluciones de<br \/>\nSoftware Cl\u00ednico para la atenci\u00f3n cl\u00ednica dentro del entorno hospitalario.El prop\u00f3sito y empleo del Objeto Identificador deriva de la necesidad de identificar dicho sistema<br \/>\ndentro de los Documentos Electr\u00f3nicos que sean emitidos, y pueda ser reconocido dentro del<br \/>\nintercambio de informaci\u00f3n que la soluci\u00f3n de software pueda tener con otros Sistemas de<br \/>\nInformaci\u00f3n de Registro Electr\u00f3nico.<\/td>\n<td>05-mar-2020<\/td>\n<\/tr>\n<tr>\n<td>NOM-024-SSA3-2012<\/td>\n<td>HarmoniMD soluciones para cl\u00ednicas y hospitales S de RL de CV<\/td>\n<td>La NOM-024-SSA3-2012 es de observancia obligatoria en todo el territorio nacional, para todos los<br \/>\nestablecimientos que presten servicios de atenci\u00f3n m\u00e9dica que formen parte del Sistema Nacional de<br \/>\nSalud que adopten un Sistema de Informaci\u00f3n de Registro Electr\u00f3nico para la Salud, as\u00ed como para<br \/>\naquellas personas f\u00edsicas o morales que dentro del territorio nacional cuenten indistintamente con<br \/>\nlos derechos de propiedad, uso, autor\u00eda, distribuci\u00f3n y\/o comercializaci\u00f3n de dichos Sistemas; en<br \/>\nambos casos, en t\u00e9rminos de la norma en menci\u00f3n y de las disposiciones jur\u00eddicas aplicables.<\/td>\n<td>En proceso<\/td>\n<\/tr>\n<\/tbody>\n<\/table>\n<p>[\/vc_column_text][\/vc_column][\/vc_row][vc_row css=&#8221;.vc_custom_1704908503028{padding-top: 2% !important;padding-bottom: 2% !important;background-image: url(http:\/\/qfn.ahr.mybluehost.me\/wp-content\/uploads\/2024\/01\/harmoni-footer.webp?id=7099) !important;background-position: center !important;background-repeat: no-repeat !important;background-size: cover !important;}&#8221; responsive_css=&#8221;padding_top_large:5%25|padding_bottom_large:5%25&#8243;][vc_column responsive_align=&#8221;text-center text-sm-center text-md-center text-lg-center&#8221;][vc_row_inner][vc_column_inner enable_backdrop_filter=&#8221;yes&#8221; enable_column_shadowbox=&#8221;yes&#8221; backfilter_blur=&#8221;9&#8243; backfilter_saturation=&#8221;1&#8243; backfilter_brightness=&#8221;1&#8243; backfilter_contrast=&#8221;1&#8243; backfilter_grayscale=&#8221;0&#8243; backfilter_hue=&#8221;0&#8243; backfilter_sepia=&#8221;0&#8243; backfilter_opacity=&#8221;1&#8243; css=&#8221;.vc_custom_1700663632391{padding-top: 2% !important;padding-right: 2% !important;padding-bottom: 2% !important;padding-left: 2% !important;background-color: rgba(0,0,0,0.07) !important;background-position: center !important;background-repeat: no-repeat !important;background-size: cover !important;*background-color: rgb(0,0,0) !important;border-radius: 35px !important;}&#8221; column_box_shadow=&#8221;%5B%7B%22inset%22%3A%22inset%22%2C%22x_offset%22%3A%2230px%22%2C%22y_offset%22%3A%2270px%22%2C%22blur_radius%22%3A%2220%25%22%2C%22spread_radius%22%3A%2230px%22%2C%22shadow_color%22%3A%22rgba(0%2C%200%2C%200%2C%200.37)%22%7D%5D&#8221; responsive_css=&#8221;padding_top_large:5%25|padding_right_large:5%25|padding_bottom_large:5%25|padding_left_large:5%25&#8243; responsive_align=&#8221;text-center text-sm-center text-md-center text-lg-center&#8221;]<style>.ld_fancy_heading_69d0f415149b3 h2{color:rgb(255, 255, 255);}.ld_fancy_heading_69d0f415149b3 h2 {font-size:26px; } @media (min-width: 1200px) { .ld_fancy_heading_69d0f415149b3 h2 {font-size:43px; }  } .ld_fancy_heading_69d0f415149b3 h2 {margin-bottom:0px !important;  } .ld_fancy_heading_69d0f415149b3 .lqd-highlight-inner{height:0.275em!important;bottom:0px!important;}.ld_fancy_heading_69d0f415149b3 h2 {font-size:26px; } @media (min-width: 1200px) { .ld_fancy_heading_69d0f415149b3 h2 {font-size:43px; }  } .ld_fancy_heading_69d0f415149b3 h2 {margin-bottom:0px !important;  } <\/style><div class=\"ld-fancy-heading ld_fancy_heading_69d0f415149b3\">\n\t<h2 class=\"ld-fh-element lqd-highlight-underline lqd-highlight-grow-left text-decoration-default\"   >  Transforma tu gesti\u00f3n hospitalaria con HarmoniMD<\/h2><\/div>[vc_raw_html]JTNDYnV0dG9uJTIwY2xhc3MlM0QlMjJidG4tYWdlbmRhMiUyMiUzRSVDMiVBMUhhYmxlbW9zJTIxJTNDJTJGYnV0dG9uJTNF[\/vc_raw_html][\/vc_column_inner][\/vc_row_inner][\/vc_column][\/vc_row]<\/p>\n","protected":false},"excerpt":{"rendered":"<p>[vc_row bg_position=&#8221;center center&#8221; enable_row_dividers=&#8221;yes&#8221; css=&#8221;.vc_custom_1705620989123{padding-top: 60px !important;padding-bottom: 50px !important;background-color: rgba(230,233,236,0.2) !important;background-position: center !important;background-repeat: no-repeat !important;background-size: contain !important;*background-color: rgb(230,233,236) !important;}&#8221; el_id=&#8221;lqd-integration&#8221; responsive_css=&#8221;padding_top_medium:150px&#8221; row_svg_divider=&#8221;bottom_shape_type:8|bottom_shape_color:%23ffffff|bottom_shape_height:24&#8243;][vc_column enable_content_animation=&#8221;yes&#8221; ca_init_scale_x=&#8221;1&#8243; ca_init_scale_y=&#8221;1&#8243; ca_init_opacity=&#8221;0&#8243; ca_an_scale_x=&#8221;1&#8243; ca_an_scale_y=&#8221;1&#8243; ca_an_opacity=&#8221;1&#8243; align=&#8221;text-center&#8221; offset=&#8221;vc_col-md-offset-2 vc_col-md-8&#8243; css=&#8221;.vc_custom_1702504915389{margin-bottom: 5vh !important;}&#8221; ca_duration=&#8221;1800&#8243; ca_delay=&#8221;180&#8243; ca_init_translate_y=&#8221;35&#8243; responsive_align=&#8221;text-center text-sm-center text-md-center text-lg-center&#8221;][\/vc_column][\/vc_row][vc_row bg_position=&#8221;center center&#8221; enable_row_dividers=&#8221;yes&#8221; css=&#8221;.vc_custom_1765427874990{padding-top: 60px !important;padding-right: 60px !important;padding-bottom: 60px !important;padding-left: 60px !important;background-position: center [&hellip;]<\/p>\n","protected":false},"author":2,"featured_media":0,"parent":0,"menu_order":0,"comment_status":"closed","ping_status":"closed","template":"","meta":{"_seopress_robots_primary_cat":"","_seopress_titles_title":"NOM-24 Compliance","_seopress_titles_desc":"Conoce los OIDs que utilizamos para el cumplimiento de la certificaci\u00f3n NOM-024","_seopress_robots_index":"","footnotes":""},"class_list":["post-6301","page","type-page","status-publish","hentry"],"_links":{"self":[{"href":"https:\/\/harmonimd.com\/en\/wp-json\/wp\/v2\/pages\/6301","targetHints":{"allow":["GET"]}}],"collection":[{"href":"https:\/\/harmonimd.com\/en\/wp-json\/wp\/v2\/pages"}],"about":[{"href":"https:\/\/harmonimd.com\/en\/wp-json\/wp\/v2\/types\/page"}],"author":[{"embeddable":true,"href":"https:\/\/harmonimd.com\/en\/wp-json\/wp\/v2\/users\/2"}],"replies":[{"embeddable":true,"href":"https:\/\/harmonimd.com\/en\/wp-json\/wp\/v2\/comments?post=6301"}],"version-history":[{"count":1,"href":"https:\/\/harmonimd.com\/en\/wp-json\/wp\/v2\/pages\/6301\/revisions"}],"predecessor-version":[{"id":8186,"href":"https:\/\/harmonimd.com\/en\/wp-json\/wp\/v2\/pages\/6301\/revisions\/8186"}],"wp:attachment":[{"href":"https:\/\/harmonimd.com\/en\/wp-json\/wp\/v2\/media?parent=6301"}],"curies":[{"name":"wp","href":"https:\/\/api.w.org\/{rel}","templated":true}]}}