{"id":7318,"date":"2024-01-16T19:12:02","date_gmt":"2024-01-16T18:12:02","guid":{"rendered":"http:\/\/qfn.ahr.mybluehost.me\/?page_id=7318"},"modified":"2024-01-16T19:12:02","modified_gmt":"2024-01-16T18:12:02","slug":"banner","status":"publish","type":"page","link":"https:\/\/harmonimd.com\/en\/banner\/","title":{"rendered":"banner"},"content":{"rendered":"<p>[vc_row css=&#8221;.vc_custom_1700688930304{padding-top: 2% !important;padding-bottom: 2% !important;background-image: url(http:\/\/qfn.ahr.mybluehost.me\/wp-content\/uploads\/2023\/11\/solucionesharmoni-go.webp?id=5078) !important;background-position: center !important;background-repeat: no-repeat !important;background-size: cover !important;}&#8221; responsive_css=&#8221;padding_top_large:5%25|padding_bottom_large:5%25&#8243;][vc_column][vc_row_inner][vc_column_inner enable_backdrop_filter=&#8221;yes&#8221; width=&#8221;1\/2&#8243; enable_column_shadowbox=&#8221;yes&#8221; backfilter_blur=&#8221;9&#8243; backfilter_saturation=&#8221;1&#8243; backfilter_brightness=&#8221;1&#8243; backfilter_contrast=&#8221;1&#8243; backfilter_grayscale=&#8221;0&#8243; backfilter_hue=&#8221;0&#8243; backfilter_sepia=&#8221;0&#8243; backfilter_opacity=&#8221;1&#8243; css=&#8221;.vc_custom_1700668404558{padding-top: 2% !important;padding-right: 2% !important;padding-bottom: 2% !important;padding-left: 2% !important;background-color: rgba(0,0,0,0.14) !important;background-position: center !important;background-repeat: no-repeat !important;background-size: cover !important;*background-color: rgb(0,0,0) !important;border-radius: 35px !important;}&#8221; column_box_shadow=&#8221;%5B%7B%22inset%22%3A%22inset%22%2C%22x_offset%22%3A%2260px%22%2C%22y_offset%22%3A%2270px%22%2C%22blur_radius%22%3A%2260%25%22%2C%22spread_radius%22%3A%2230px%22%2C%22shadow_color%22%3A%22rgba(0%2C%200%2C%200%2C%200.79)%22%7D%5D&#8221; responsive_css=&#8221;padding_top_large:5%25|padding_right_large:5%25|padding_bottom_large:5%25|padding_left_large:5%25&#8243;]<style>.ld_fancy_heading_69df155370b6c h1{color:rgb(255, 109, 2);}.ld_fancy_heading_69df155370b6c h1 {margin-bottom:0px !important;  } .ld_fancy_heading_69df155370b6c .lqd-highlight-inner{height:0.275em!important;bottom:0px!important;}.ld_fancy_heading_69df155370b6c h1 {margin-bottom:0px !important;  } <\/style><div class=\"ld-fancy-heading ld_fancy_heading_69df155370b6c\">\n\t<h1 class=\"ld-fh-element lqd-highlight-underline lqd-highlight-grow-left text-decoration-default\"   >  <strong>Test t\u00e9cnico<\/strong><\/h1><\/div><style>.ld_fancy_heading_69df155371306 p{color:rgb(255, 255, 255);}@media (min-width: 992px) { .ld_fancy_heading_69df155371306 p {padding-right:15% !important;  }  } .ld_fancy_heading_69df155371306 p {margin-bottom:1.67em !important;  } .ld_fancy_heading_69df155371306 .lqd-highlight-inner{height:0.275em!important;bottom:0px!important;}@media (min-width: 992px) { .ld_fancy_heading_69df155371306 p {padding-right:15% !important;  }  } .ld_fancy_heading_69df155371306 p {margin-bottom:1.67em !important;  } <\/style><div class=\"ld-fancy-heading mask-text ld_fancy_heading_69df155371306\">\n\t<p class=\"ld-fh-element lqd-highlight-underline lqd-highlight-grow-left text-decoration-default lqd-split-lines\"   data-split-text=\"true\" data-split-options='{\"type\":\"lines\"}'>  Nuestro soporte t\u00e9cnico marca la diferencia en la oferta de servicios. Entendemos perfectamente la necesidad de estar a la disposici\u00f3n para apoyar a nuestros clientes cuando sea necesario.\u00a0Nos comprometemos a garantizar la excelencia en la atenci\u00f3n m\u00e9dica a trav\u00e9s de un soporte t\u00e9cnico inquebrantable y soluciones de alta calidad.<\/p><\/div><style>.ld_button_69df15537165e.btn-icon-solid .btn-icon{background:rgb(255, 109, 2);}.ld_button_69df15537165e.btn-icon-circle.btn-icon-ripple .btn-icon:before{border-color:rgb(255, 109, 2);}.ld_button_69df15537165e{background-color:rgb(255, 109, 2);border-color:rgb(255, 109, 2);color:rgb(255, 255, 255);box-shadow:0px 20px 40px 0px rgba(73,76,137,0.13);}.ld_button_69df15537165e .btn-gradient-border defs stop:first-child{stop-color:rgb(255, 109, 2);}.ld_button_69df15537165e .btn-gradient-border defs stop:last-child{stop-color:rgb(255, 109, 2);}.ld_button_69df15537165e:hover{color:rgb(255, 255, 255);}.ld_button_69df15537165e {font-size:16px; } .ld_button_69df15537165e {line-height:1.5em; } .ld_button_69df15537165e {--element-line-height:1.5em; } .ld_button_69df15537165e {font-weight:700; } .ld_button_69df15537165e {letter-spacing:0.05em; } .ld_button_69df15537165e {font-size:16px; } .ld_button_69df15537165e {line-height:1.5em; } .ld_button_69df15537165e {--element-line-height:1.5em; } .ld_button_69df15537165e {font-weight:700; } .ld_button_69df15537165e {letter-spacing:0.05em; } .ld_button_69df15537165e {font-size:16px; } .ld_button_69df15537165e {line-height:1.5em; } .ld_button_69df15537165e {--element-line-height:1.5em; } .ld_button_69df15537165e {font-weight:700; } .ld_button_69df15537165e {letter-spacing:0.05em; } <\/style><a href=\"#\" class=\"btn btn-solid btn-sm round border-none btn-has-label ld_button_69df15537165e vc_custom_1700680112149\" data-localscroll=\"true\" data-localscroll-options=\"{&quot;scrollBelowSection&quot;:true}\" >\n\t<span>\n\t\n\t\t\t\t\t<span class=\"btn-txt\" data-text=\"Agendar llamada\" >Agendar llamada<\/span>\n\t\t\n\t\t\t\t\t<\/span>\n<\/a>\n[\/vc_column_inner][vc_column_inner width=&#8221;1\/2&#8243;][\/vc_column_inner][\/vc_row_inner][\/vc_column][\/vc_row]<\/p>\n","protected":false},"excerpt":{"rendered":"<p>[vc_row css=&#8221;.vc_custom_1700688930304{padding-top: 2% !important;padding-bottom: 2% !important;background-image: url(http:\/\/qfn.ahr.mybluehost.me\/wp-content\/uploads\/2023\/11\/solucionesharmoni-go.webp?id=5078) !important;background-position: center !important;background-repeat: no-repeat !important;background-size: cover !important;}&#8221; responsive_css=&#8221;padding_top_large:5%25|padding_bottom_large:5%25&#8243;][vc_column][vc_row_inner][vc_column_inner enable_backdrop_filter=&#8221;yes&#8221; width=&#8221;1\/2&#8243; enable_column_shadowbox=&#8221;yes&#8221; backfilter_blur=&#8221;9&#8243; backfilter_saturation=&#8221;1&#8243; backfilter_brightness=&#8221;1&#8243; backfilter_contrast=&#8221;1&#8243; backfilter_grayscale=&#8221;0&#8243; backfilter_hue=&#8221;0&#8243; backfilter_sepia=&#8221;0&#8243; backfilter_opacity=&#8221;1&#8243; css=&#8221;.vc_custom_1700668404558{padding-top: 2% !important;padding-right: 2% !important;padding-bottom: 2% !important;padding-left: 2% !important;background-color: rgba(0,0,0,0.14) !important;background-position: center !important;background-repeat: no-repeat !important;background-size: cover !important;*background-color: rgb(0,0,0) !important;border-radius: 35px !important;}&#8221; column_box_shadow=&#8221;%5B%7B%22inset%22%3A%22inset%22%2C%22x_offset%22%3A%2260px%22%2C%22y_offset%22%3A%2270px%22%2C%22blur_radius%22%3A%2260%25%22%2C%22spread_radius%22%3A%2230px%22%2C%22shadow_color%22%3A%22rgba(0%2C%200%2C%200%2C%200.79)%22%7D%5D&#8221; responsive_css=&#8221;padding_top_large:5%25|padding_right_large:5%25|padding_bottom_large:5%25|padding_left_large:5%25&#8243;][\/vc_column_inner][vc_column_inner width=&#8221;1\/2&#8243;][\/vc_column_inner][\/vc_row_inner][\/vc_column][\/vc_row]<\/p>\n","protected":false},"author":1,"featured_media":0,"parent":0,"menu_order":0,"comment_status":"closed","ping_status":"closed","template":"","meta":{"_seopress_robots_primary_cat":"","_seopress_titles_title":"","_seopress_titles_desc":"","_seopress_robots_index":"","footnotes":""},"class_list":["post-7318","page","type-page","status-publish","hentry"],"_links":{"self":[{"href":"https:\/\/harmonimd.com\/en\/wp-json\/wp\/v2\/pages\/7318","targetHints":{"allow":["GET"]}}],"collection":[{"href":"https:\/\/harmonimd.com\/en\/wp-json\/wp\/v2\/pages"}],"about":[{"href":"https:\/\/harmonimd.com\/en\/wp-json\/wp\/v2\/types\/page"}],"author":[{"embeddable":true,"href":"https:\/\/harmonimd.com\/en\/wp-json\/wp\/v2\/users\/1"}],"replies":[{"embeddable":true,"href":"https:\/\/harmonimd.com\/en\/wp-json\/wp\/v2\/comments?post=7318"}],"version-history":[{"count":0,"href":"https:\/\/harmonimd.com\/en\/wp-json\/wp\/v2\/pages\/7318\/revisions"}],"wp:attachment":[{"href":"https:\/\/harmonimd.com\/en\/wp-json\/wp\/v2\/media?parent=7318"}],"curies":[{"name":"wp","href":"https:\/\/api.w.org\/{rel}","templated":true}]}}